{"id":982,"date":"2024-04-18T17:06:58","date_gmt":"2024-04-18T17:06:58","guid":{"rendered":"https:\/\/latam-market.cl\/elizabeth-martinez\/?page_id=982"},"modified":"2025-03-24T20:19:57","modified_gmt":"2025-03-24T20:19:57","slug":"casa-cuero-arte","status":"publish","type":"page","link":"https:\/\/latam-market.cl\/elizabeth-martinez\/casa-cuero-arte\/","title":{"rendered":"Accesorios en Cuero"},"content":{"rendered":"\n<figure class=\"wp-block-image size-full is-resized\"><img loading=\"lazy\" decoding=\"async\" width=\"9688\" height=\"5313\" src=\"https:\/\/latam-market.cl\/elizabeth-martinez\/wp-content\/uploads\/2024\/04\/Casa-Cuero-.png\" alt=\"\" class=\"wp-image-983\" style=\"width:446px;height:auto\"\/><\/figure>\n\n\n\n<p>Nuestra misi\u00f3n es ofrecer productos personalizados y elegantes que reflejen la imagen y valores de sus empresas. Nuestros art\u00edculos de cuero, como porta copas, individuales, posa vasos, accesorios de decoraci\u00f3n, bolsos, entre otros, est\u00e1n dise\u00f1ados para ser funcionales, duraderos y est\u00e9ticamente atractivos.<br><\/p>\n\n\n\n<h2 class=\"wp-block-heading has-text-align-center\">Empresas Partners<\/h2>\n\n\n\n<p>ENTEL \u2013 VI\u00d1A MANNLE \u2013 GREENMAQ \u2013 CHILEMAT \u2013 MUNICIPALIDAD DE PE\u00d1AFLOR &#8211; PIE SANO<\/p>\n\n\n\n<h2 class=\"wp-block-heading\">Plantillas Confort<\/h2>\n\n\n\n<div class=\"wp-block-media-text is-stacked-on-mobile\" style=\"grid-template-columns:47% auto\"><figure class=\"wp-block-media-text__media\"><\/figure><div class=\"wp-block-media-text__content\">\n<p><\/p>\n\n\n\n<p><\/p>\n\n\n\n<div data-wp-interactive=\"core\/file\" class=\"wp-block-file\"><object data-wp-bind--hidden=\"!state.hasPdfPreview\" hidden class=\"wp-block-file__embed\" data=\"https:\/\/latam-market.cl\/elizabeth-martinez\/wp-content\/uploads\/2024\/04\/Sanitized-PL-19-30_EN_V01_San.pdf\" type=\"application\/pdf\" style=\"width:100%;height:200px\" aria-label=\"Incrustado de Sanitized PL 19-30_EN_V01_San.\"><\/object><a id=\"wp-block-file--media-76c3a3bb-c82b-445c-8eb6-bdc3d7263a72\" href=\"https:\/\/latam-market.cl\/elizabeth-martinez\/wp-content\/uploads\/2024\/04\/Sanitized-PL-19-30_EN_V01_San.pdf\">Sanitized PL 19-30_EN_V01_San<\/a><a href=\"https:\/\/latam-market.cl\/elizabeth-martinez\/wp-content\/uploads\/2024\/04\/Sanitized-PL-19-30_EN_V01_San.pdf\" class=\"wp-block-file__button wp-element-button\" download aria-describedby=\"wp-block-file--media-76c3a3bb-c82b-445c-8eb6-bdc3d7263a72\">Descarga<\/a><\/div>\n\n\n\n<figure class=\"wp-block-gallery has-nested-images columns-default is-cropped wp-block-gallery-1 is-layout-flex wp-block-gallery-is-layout-flex\"><\/figure>\n<\/div><\/div>\n\n\n\n<p><\/p>\n\n\n\n<p><\/p>\n","protected":false},"excerpt":{"rendered":"<p>Nuestra misi\u00f3n es ofrecer productos personalizados y elegantes que reflejen la imagen y valores de sus empresas. Nuestros art\u00edculos de cuero, como porta copas, individuales, posa vasos, accesorios de decoraci\u00f3n, bolsos, entre otros, est\u00e1n dise\u00f1ados para ser funcionales, duraderos y est\u00e9ticamente atractivos. Empresas Partners ENTEL \u2013 VI\u00d1A MANNLE \u2013 GREENMAQ \u2013 CHILEMAT \u2013 MUNICIPALIDAD DE [&hellip;]<\/p>\n","protected":false},"author":2,"featured_media":0,"parent":0,"menu_order":0,"comment_status":"closed","ping_status":"closed","template":"","meta":{"footnotes":""},"class_list":["post-982","page","type-page","status-publish","hentry"],"acf":[],"_links":{"self":[{"href":"https:\/\/latam-market.cl\/elizabeth-martinez\/wp-json\/wp\/v2\/pages\/982","targetHints":{"allow":["GET"]}}],"collection":[{"href":"https:\/\/latam-market.cl\/elizabeth-martinez\/wp-json\/wp\/v2\/pages"}],"about":[{"href":"https:\/\/latam-market.cl\/elizabeth-martinez\/wp-json\/wp\/v2\/types\/page"}],"author":[{"embeddable":true,"href":"https:\/\/latam-market.cl\/elizabeth-martinez\/wp-json\/wp\/v2\/users\/2"}],"replies":[{"embeddable":true,"href":"https:\/\/latam-market.cl\/elizabeth-martinez\/wp-json\/wp\/v2\/comments?post=982"}],"version-history":[{"count":8,"href":"https:\/\/latam-market.cl\/elizabeth-martinez\/wp-json\/wp\/v2\/pages\/982\/revisions"}],"predecessor-version":[{"id":998,"href":"https:\/\/latam-market.cl\/elizabeth-martinez\/wp-json\/wp\/v2\/pages\/982\/revisions\/998"}],"wp:attachment":[{"href":"https:\/\/latam-market.cl\/elizabeth-martinez\/wp-json\/wp\/v2\/media?parent=982"}],"curies":[{"name":"wp","href":"https:\/\/api.w.org\/{rel}","templated":true}]}}